{"id":17,"date":"2025-07-23T18:57:14","date_gmt":"2025-07-23T16:57:14","guid":{"rendered":"https:\/\/artigianidelrestauro.softwareondemand.it\/?page_id=17"},"modified":"2026-04-10T16:51:18","modified_gmt":"2026-04-10T14:51:18","slug":"modelli","status":"publish","type":"page","link":"https:\/\/artigianidelrestauro.softwareondemand.it\/it\/modelli\/","title":{"rendered":"MODELLI"},"content":{"rendered":"<p>[et_pb_section fb_built=&#8221;1&#8243; _builder_version=&#8221;4.27.4&#8243; _module_preset=&#8221;default&#8221; background_image=&#8221;https:\/\/artigianidelrestauro.softwareondemand.it\/wp-content\/uploads\/2025\/07\/chi-siamo-hero.jpg&#8221; locked=&#8221;off&#8221; global_colors_info=&#8221;{}&#8221;][\/et_pb_section][et_pb_section fb_built=&#8221;1&#8243; _builder_version=&#8221;4.27.4&#8243; _module_preset=&#8221;default&#8221; custom_padding=&#8221;0px||||false|false&#8221; global_colors_info=&#8221;{}&#8221;][et_pb_row _builder_version=&#8221;4.27.4&#8243; _module_preset=&#8221;default&#8221; use_background_color_gradient=&#8221;on&#8221; background_color_gradient_stops=&#8221;#eaeceb 0%|#f4f5f5 100%&#8221; width=&#8221;100%&#8221; max_width=&#8221;100%&#8221; box_shadow_style=&#8221;preset2&#8243; locked=&#8221;off&#8221; global_colors_info=&#8221;{}&#8221;][et_pb_column type=&#8221;4_4&#8243; _builder_version=&#8221;4.27.4&#8243; _module_preset=&#8221;default&#8221; global_colors_info=&#8221;{}&#8221;][et_pb_heading title=&#8221;Modelli&#8221; _builder_version=&#8221;4.27.4&#8243; _module_preset=&#8221;default&#8221; title_font=&#8221;&#8211;et_global_heading_font||||||||&#8221; title_text_align=&#8221;center&#8221; title_font_size=&#8221;55px&#8221; title_letter_spacing=&#8221;2px&#8221; locked=&#8221;off&#8221; global_colors_info=&#8221;{}&#8221;][\/et_pb_heading][\/et_pb_column][\/et_pb_row][et_pb_row column_structure=&#8221;1_3,1_3,1_3&#8243; disabled_on=&#8221;off|off|off&#8221; _builder_version=&#8221;4.27.6&#8243; _module_preset=&#8221;default&#8221; custom_padding=&#8221;30px||0px||false|false&#8221; global_colors_info=&#8221;{}&#8221;][et_pb_column type=&#8221;1_3&#8243; _builder_version=&#8221;4.27.6&#8243; _module_preset=&#8221;default&#8221; transform_translate_linked=&#8221;off&#8221; custom_padding=&#8221;8px|8px|8px|8px|true|true&#8221; border_radii=&#8221;on|8px|8px|8px|8px&#8221; box_shadow_style=&#8221;preset2&#8243; global_colors_info=&#8221;{}&#8221; transform_styles__hover_enabled=&#8221;off|hover&#8221; transform_scale__hover_enabled=&#8221;off|hover&#8221; transform_translate__hover_enabled=&#8221;off|hover&#8221; transform_rotate__hover_enabled=&#8221;off|hover&#8221; transform_skew__hover_enabled=&#8221;off|hover&#8221; transform_origin__hover_enabled=&#8221;off|hover&#8221;][et_pb_blurb title=&#8221;AFFETTATRICE BERKEL MODELLO B&#8221; image=&#8221;https:\/\/artigianidelrestauro.softwareondemand.it\/wp-content\/uploads\/2025\/12\/Affettatrice-Berkel-Model-B-indianina-nera-fronte.jpg&#8221; _builder_version=&#8221;4.27.6&#8243; _module_preset=&#8221;default&#8221; header_font=&#8221;Montserrat|600|||||||&#8221; header_text_align=&#8221;center&#8221; header_text_color=&#8221;#aa1c17&#8243; header_font_size=&#8221;22px&#8221; link_option_url=&#8221;https:\/\/artigianidelrestauro.softwareondemand.it\/project\/affettatrice-berkel-modello-b\/&#8221; border_radii_image=&#8221;on|8px|8px|8px|8px&#8221; global_colors_info=&#8221;{}&#8221;][\/et_pb_blurb][\/et_pb_column][et_pb_column type=&#8221;1_3&#8243; _builder_version=&#8221;4.27.6&#8243; _module_preset=&#8221;default&#8221; custom_padding=&#8221;8px|8px|8px|8px|true|true&#8221; border_radii=&#8221;on|8px|8px|8px|8px&#8221; box_shadow_style=&#8221;preset2&#8243; global_colors_info=&#8221;{}&#8221;][et_pb_blurb title=&#8221;AFFETTATRICE BERKEL MODELLO P&#8221; image=&#8221;https:\/\/artigianidelrestauro.softwareondemand.it\/wp-content\/uploads\/2025\/12\/Van-Berkel-Affettatrice-Modello-P-rosso-fronte.jpg&#8221; _builder_version=&#8221;4.27.6&#8243; _module_preset=&#8221;default&#8221; header_font=&#8221;Montserrat|600|||||||&#8221; header_text_align=&#8221;center&#8221; header_text_color=&#8221;#aa1c17&#8243; header_font_size=&#8221;22px&#8221; link_option_url=&#8221;https:\/\/artigianidelrestauro.softwareondemand.it\/project\/affettratrice-berkel-modello-p\/&#8221; hover_enabled=&#8221;0&#8243; border_radii_image=&#8221;on|8px|8px|8px|8px&#8221; global_colors_info=&#8221;{}&#8221; alt=&#8221;Van-Berkel-Affettatrice-Modello-P-rosso-fronte&#8221; title_text=&#8221;Van-Berkel-Affettatrice-Modello-P-rosso-fronte&#8221; sticky_enabled=&#8221;0&#8243;][\/et_pb_blurb][\/et_pb_column][et_pb_column type=&#8221;1_3&#8243; _builder_version=&#8221;4.27.6&#8243; _module_preset=&#8221;default&#8221; custom_padding=&#8221;8px|8px|8px|8px|true|true&#8221; border_radii=&#8221;on|8px|8px|8px|8px&#8221; box_shadow_style=&#8221;preset2&#8243; global_colors_info=&#8221;{}&#8221;][et_pb_blurb title=&#8221;AFFETTATRICE BERKEL MODELLO L&#8221; image=&#8221;https:\/\/artigianidelrestauro.softwareondemand.it\/wp-content\/uploads\/2025\/12\/Affettatrice-Berkel-restaurata-Modello-L-rossa-fronte.jpg&#8221; _builder_version=&#8221;4.27.4&#8243; _module_preset=&#8221;default&#8221; header_font=&#8221;Montserrat|600|||||||&#8221; header_text_align=&#8221;center&#8221; header_text_color=&#8221;#aa1c17&#8243; header_font_size=&#8221;22px&#8221; link_option_url=&#8221;https:\/\/artigianidelrestauro.softwareondemand.it\/project\/affettatrice-berkel-modello-l\/&#8221; border_radii_image=&#8221;on|8px|8px|8px|8px&#8221; global_colors_info=&#8221;{}&#8221;][\/et_pb_blurb][\/et_pb_column][\/et_pb_row][et_pb_row column_structure=&#8221;1_3,1_3,1_3&#8243; disabled_on=&#8221;off|off|off&#8221; _builder_version=&#8221;4.27.6&#8243; _module_preset=&#8221;default&#8221; custom_padding=&#8221;30px||0px||false|false&#8221; global_colors_info=&#8221;{}&#8221;][et_pb_column type=&#8221;1_3&#8243; _builder_version=&#8221;4.27.6&#8243; _module_preset=&#8221;default&#8221; transform_translate_linked=&#8221;off&#8221; custom_padding=&#8221;8px|8px|8px|8px|true|true&#8221; border_radii=&#8221;on|8px|8px|8px|8px&#8221; box_shadow_style=&#8221;preset2&#8243; global_colors_info=&#8221;{}&#8221; transform_styles__hover_enabled=&#8221;off|hover&#8221; transform_scale__hover_enabled=&#8221;off|hover&#8221; transform_translate__hover_enabled=&#8221;off|hover&#8221; transform_rotate__hover_enabled=&#8221;off|hover&#8221; transform_skew__hover_enabled=&#8221;off|hover&#8221; transform_origin__hover_enabled=&#8221;off|hover&#8221;][et_pb_blurb title=&#8221;AFFETTATRICE BERKEL MODELLO B 100&#8243; image=&#8221;https:\/\/artigianidelrestauro.softwareondemand.it\/wp-content\/uploads\/2026\/04\/11-Affettatrice-berkel-modello-B100-avorio-volano-1-scaled.jpg&#8221; _builder_version=&#8221;4.27.6&#8243; _module_preset=&#8221;default&#8221; header_font=&#8221;Montserrat|600|||||||&#8221; header_text_align=&#8221;center&#8221; header_text_color=&#8221;#aa1c17&#8243; header_font_size=&#8221;22px&#8221; link_option_url=&#8221;https:\/\/artigianidelrestauro.softwareondemand.it\/it\/prodotto\/affettatrice-berkel-modello-b-100\/&#8221; border_radii_image=&#8221;on|8px|8px|8px|8px&#8221; global_colors_info=&#8221;{}&#8221;][\/et_pb_blurb][\/et_pb_column][et_pb_column type=&#8221;1_3&#8243; _builder_version=&#8221;4.27.6&#8243; _module_preset=&#8221;default&#8221; custom_padding=&#8221;8px|8px|8px|8px|true|true&#8221; border_radii=&#8221;on|8px|8px|8px|8px&#8221; box_shadow_style=&#8221;preset2&#8243; global_colors_info=&#8221;{}&#8221;][et_pb_blurb title=&#8221;AFFETTATRICE BERKEL MODELLO B 80&#8243; image=&#8221;https:\/\/artigianidelrestauro.softwareondemand.it\/wp-content\/uploads\/2026\/04\/1-Affettatrice-berkel-modello-B80-nera-volano-scaled.jpg&#8221; _builder_version=&#8221;4.27.6&#8243; _module_preset=&#8221;default&#8221; header_font=&#8221;Montserrat|600|||||||&#8221; header_text_align=&#8221;center&#8221; header_text_color=&#8221;#aa1c17&#8243; header_font_size=&#8221;22px&#8221; link_option_url=&#8221;https:\/\/artigianidelrestauro.softwareondemand.it\/it\/prodotto\/affettatrice-berkel-modello-b-80\/&#8221; border_radii_image=&#8221;on|8px|8px|8px|8px&#8221; global_colors_info=&#8221;{}&#8221;][\/et_pb_blurb][\/et_pb_column][et_pb_column type=&#8221;1_3&#8243; _builder_version=&#8221;4.27.6&#8243; _module_preset=&#8221;default&#8221; custom_padding=&#8221;8px|8px|8px|8px|true|true&#8221; border_radii=&#8221;on|8px|8px|8px|8px&#8221; box_shadow_style=&#8221;preset2&#8243; global_colors_info=&#8221;{}&#8221;][et_pb_blurb title=&#8221;AFFETTATRICE BERKEL MODELLO 115&#8243; image=&#8221;https:\/\/artigianidelrestauro.softwareondemand.it\/wp-content\/uploads\/2025\/12\/Affettatrice-Berkel-Modello-115-rossa-fronte.jpg&#8221; _builder_version=&#8221;4.27.4&#8243; _module_preset=&#8221;default&#8221; header_font=&#8221;Montserrat|600|||||||&#8221; header_text_align=&#8221;center&#8221; header_text_color=&#8221;#aa1c17&#8243; header_font_size=&#8221;22px&#8221; link_option_url=&#8221;https:\/\/artigianidelrestauro.softwareondemand.it\/project\/affettatrice-berkel-modello-115\/&#8221; border_radii_image=&#8221;on|8px|8px|8px|8px&#8221; global_colors_info=&#8221;{}&#8221;][\/et_pb_blurb][\/et_pb_column][\/et_pb_row][et_pb_row column_structure=&#8221;1_3,1_3,1_3&#8243; disabled_on=&#8221;off|off|off&#8221; _builder_version=&#8221;4.27.6&#8243; _module_preset=&#8221;default&#8221; custom_padding=&#8221;30px||0px||false|false&#8221; global_colors_info=&#8221;{}&#8221;][et_pb_column type=&#8221;1_3&#8243; _builder_version=&#8221;4.27.6&#8243; _module_preset=&#8221;default&#8221; custom_padding=&#8221;8px|8px|8px|8px|true|true&#8221; border_radii=&#8221;on|8px|8px|8px|8px&#8221; box_shadow_style=&#8221;preset2&#8243; global_colors_info=&#8221;{}&#8221;][et_pb_blurb title=&#8221;AFFETTATRICE BERKEL MODELLO 21&#8243; image=&#8221;https:\/\/artigianidelrestauro.softwareondemand.it\/wp-content\/uploads\/2026\/04\/1-Berkel-Modello-21-rosso-fronte-scaled.jpg&#8221; _builder_version=&#8221;4.27.6&#8243; _module_preset=&#8221;default&#8221; header_font=&#8221;Montserrat|600|||||||&#8221; header_text_align=&#8221;center&#8221; header_text_color=&#8221;#aa1c17&#8243; header_font_size=&#8221;22px&#8221; link_option_url=&#8221;https:\/\/artigianidelrestauro.softwareondemand.it\/project\/affettatrice-berkel-modello-21\/&#8221; hover_enabled=&#8221;0&#8243; border_radii_image=&#8221;on|8px|8px|8px|8px&#8221; global_colors_info=&#8221;{}&#8221; title_text=&#8221;1-Berkel-Modello-21-rosso-fronte&#8221; sticky_enabled=&#8221;0&#8243;][\/et_pb_blurb][\/et_pb_column][et_pb_column type=&#8221;1_3&#8243; _builder_version=&#8221;4.27.6&#8243; _module_preset=&#8221;default&#8221; custom_padding=&#8221;8px|8px|8px|8px|true|true&#8221; border_radii=&#8221;on|8px|8px|8px|8px&#8221; box_shadow_style=&#8221;preset2&#8243; global_colors_info=&#8221;{}&#8221;][et_pb_blurb title=&#8221;AFFETTATRICE BERKEL MODELLO 10&#8243; image=&#8221;https:\/\/artigianidelrestauro.softwareondemand.it\/wp-content\/uploads\/2026\/04\/1-Berkel-Model-10-red.jpg&#8221; image_icon_width=&#8221;66%&#8221; _builder_version=&#8221;4.27.6&#8243; _module_preset=&#8221;default&#8221; header_font=&#8221;Montserrat|600|||||||&#8221; header_text_align=&#8221;center&#8221; header_text_color=&#8221;#aa1c17&#8243; header_font_size=&#8221;22px&#8221; link_option_url=&#8221;https:\/\/artigianidelrestauro.softwareondemand.it\/it\/prodotto\/affettatrice-berkel-modello-10\/&#8221; border_radii_image=&#8221;on|8px|8px|8px|8px&#8221; global_colors_info=&#8221;{}&#8221;][\/et_pb_blurb][\/et_pb_column][et_pb_column type=&#8221;1_3&#8243; _builder_version=&#8221;4.27.6&#8243; _module_preset=&#8221;default&#8221; custom_padding=&#8221;8px|8px|8px|8px|true|true&#8221; border_radii=&#8221;on|8px|8px|8px|8px&#8221; box_shadow_style=&#8221;preset2&#8243; global_colors_info=&#8221;{}&#8221;][et_pb_blurb title=&#8221;AFFETTATRICE BERKEL MODELLO 9H&#8221; image=&#8221;https:\/\/artigianidelrestauro.softwareondemand.it\/wp-content\/uploads\/2025\/12\/Van-Berkel-Affettatrice-Modello-9-nera-fronte.jpg&#8221; _builder_version=&#8221;4.27.4&#8243; _module_preset=&#8221;default&#8221; header_font=&#8221;Montserrat|600|||||||&#8221; header_text_align=&#8221;center&#8221; header_text_color=&#8221;#aa1c17&#8243; header_font_size=&#8221;22px&#8221; link_option_url=&#8221;https:\/\/artigianidelrestauro.softwareondemand.it\/project\/affettatrice-berkel-modello-9h\/&#8221; border_radii_image=&#8221;on|8px|8px|8px|8px&#8221; global_colors_info=&#8221;{}&#8221;][\/et_pb_blurb][\/et_pb_column][\/et_pb_row][et_pb_row column_structure=&#8221;1_3,1_3,1_3&#8243; disabled_on=&#8221;off|off|off&#8221; _builder_version=&#8221;4.27.6&#8243; _module_preset=&#8221;default&#8221; custom_padding=&#8221;30px||0px||false|false&#8221; global_colors_info=&#8221;{}&#8221;][et_pb_column type=&#8221;1_3&#8243; _builder_version=&#8221;4.27.6&#8243; _module_preset=&#8221;default&#8221; custom_padding=&#8221;8px|8px|8px|8px|true|true&#8221; border_radii=&#8221;on|8px|8px|8px|8px&#8221; box_shadow_style=&#8221;preset2&#8243; global_colors_info=&#8221;{}&#8221;][et_pb_blurb title=&#8221;AFFETTATRICE BERKEL MODELLO 7&#8243; image=&#8221;https:\/\/artigianidelrestauro.softwareondemand.it\/wp-content\/uploads\/2025\/12\/Van-Berkel-Meat-Slicer-Model-7-red-front.jpg&#8221; _builder_version=&#8221;4.27.6&#8243; _module_preset=&#8221;default&#8221; header_font=&#8221;Montserrat|600|||||||&#8221; header_text_align=&#8221;center&#8221; header_text_color=&#8221;#aa1c17&#8243; header_font_size=&#8221;22px&#8221; link_option_url=&#8221;https:\/\/artigianidelrestauro.softwareondemand.it\/project\/affettatrice-berkel-modello-7\/&#8221; hover_enabled=&#8221;0&#8243; border_radii_image=&#8221;on|8px|8px|8px|8px&#8221; global_colors_info=&#8221;{}&#8221; alt=&#8221;Van-Berkel-Meat-Slicer-Model-7-red-front&#8221; title_text=&#8221;Van-Berkel-Meat-Slicer-Model-7-red-front&#8221; sticky_enabled=&#8221;0&#8243;][\/et_pb_blurb][\/et_pb_column][et_pb_column type=&#8221;1_3&#8243; _builder_version=&#8221;4.27.6&#8243; _module_preset=&#8221;default&#8221; custom_padding=&#8221;8px|8px|8px|8px|true|true&#8221; border_radii=&#8221;on|8px|8px|8px|8px&#8221; box_shadow_style=&#8221;preset2&#8243; global_colors_info=&#8221;{}&#8221;][et_pb_blurb title=&#8221;AFFETTATRICE BERKEL MODELLO 8H&#8221; image=&#8221;https:\/\/artigianidelrestauro.softwareondemand.it\/wp-content\/uploads\/2025\/12\/Van-Berkel-Affettatrice-Modello-8-rossa-fronte.jpg&#8221; _builder_version=&#8221;4.27.4&#8243; _module_preset=&#8221;default&#8221; header_font=&#8221;Montserrat|600|||||||&#8221; header_text_align=&#8221;center&#8221; header_text_color=&#8221;#aa1c17&#8243; header_font_size=&#8221;22px&#8221; link_option_url=&#8221;https:\/\/artigianidelrestauro.softwareondemand.it\/project\/affettatrice-berkel-modello-8h\/&#8221; border_radii_image=&#8221;on|8px|8px|8px|8px&#8221; global_colors_info=&#8221;{}&#8221;][\/et_pb_blurb][\/et_pb_column][et_pb_column type=&#8221;1_3&#8243; _builder_version=&#8221;4.27.6&#8243; _module_preset=&#8221;default&#8221; custom_padding=&#8221;8px|8px|8px|8px|true|true&#8221; border_radii=&#8221;on|8px|8px|8px|8px&#8221; box_shadow_style=&#8221;preset2&#8243; global_colors_info=&#8221;{}&#8221;][et_pb_blurb title=&#8221;AFFETTATRICE BERKEL MODELLO 7 U.S&#8221; image=&#8221;https:\/\/artigianidelrestauro.softwareondemand.it\/wp-content\/uploads\/2026\/04\/1-Affettatrice-berkel-modello-7US-rossa-scaled.jpg&#8221; alt=&#8221;Van-Berkel-Affettatrice-Modello-3-rossa-fronte&#8221; _builder_version=&#8221;4.27.6&#8243; _module_preset=&#8221;default&#8221; header_font=&#8221;Montserrat|600|||||||&#8221; header_text_align=&#8221;center&#8221; header_text_color=&#8221;#aa1c17&#8243; header_font_size=&#8221;22px&#8221; link_option_url=&#8221;https:\/\/artigianidelrestauro.softwareondemand.it\/it\/prodotto\/affettatrice-berkel-modello-7-u-s\/&#8221; border_radii_image=&#8221;on|8px|8px|8px|8px&#8221; global_colors_info=&#8221;{}&#8221;][\/et_pb_blurb][\/et_pb_column][\/et_pb_row][et_pb_row column_structure=&#8221;1_3,1_3,1_3&#8243; disabled_on=&#8221;off|off|off&#8221; _builder_version=&#8221;4.27.6&#8243; _module_preset=&#8221;default&#8221; custom_padding=&#8221;30px||0px||false|false&#8221; global_colors_info=&#8221;{}&#8221;][et_pb_column type=&#8221;1_3&#8243; _builder_version=&#8221;4.27.6&#8243; _module_preset=&#8221;default&#8221; custom_padding=&#8221;8px|8px|8px|8px|true|true&#8221; border_radii=&#8221;on|8px|8px|8px|8px&#8221; box_shadow_style=&#8221;preset2&#8243; global_colors_info=&#8221;{}&#8221;][et_pb_blurb title=&#8221;AFFETTATRICE BERKEL MODELLO 3&#8243; image=&#8221;https:\/\/artigianidelrestauro.softwareondemand.it\/wp-content\/uploads\/2025\/12\/Van-Berkel-Affettatrice-Modello-3-rossa-fronte-1.jpg&#8221; alt=&#8221;Van-Berkel-Affettatrice-Modello-3-rossa-fronte&#8221; _builder_version=&#8221;4.27.6&#8243; _module_preset=&#8221;default&#8221; header_font=&#8221;Montserrat|600|||||||&#8221; header_text_align=&#8221;center&#8221; header_text_color=&#8221;#aa1c17&#8243; header_font_size=&#8221;22px&#8221; link_option_url=&#8221;https:\/\/artigianidelrestauro.softwareondemand.it\/project\/affettatrice-berkel-modello-3\/&#8221; border_radii_image=&#8221;on|8px|8px|8px|8px&#8221; global_colors_info=&#8221;{}&#8221;][\/et_pb_blurb][\/et_pb_column][et_pb_column type=&#8221;1_3&#8243; _builder_version=&#8221;4.27.6&#8243; _module_preset=&#8221;default&#8221; custom_padding=&#8221;8px|8px|8px|8px|true|true&#8221; border_radii=&#8221;on|8px|8px|8px|8px&#8221; global_colors_info=&#8221;{}&#8221;][\/et_pb_column][et_pb_column type=&#8221;1_3&#8243; _builder_version=&#8221;4.27.6&#8243; _module_preset=&#8221;default&#8221; custom_padding=&#8221;8px|8px|8px|8px|true|true&#8221; border_radii=&#8221;on|8px|8px|8px|8px&#8221; global_colors_info=&#8221;{}&#8221;][\/et_pb_column][\/et_pb_row][et_pb_row column_structure=&#8221;1_2,1_2&#8243; _builder_version=&#8221;4.27.4&#8243; _module_preset=&#8221;default&#8221; custom_margin=&#8221;40px||||false|false&#8221; global_colors_info=&#8221;{}&#8221;][et_pb_column type=&#8221;1_2&#8243; _builder_version=&#8221;4.27.4&#8243; _module_preset=&#8221;default&#8221; global_colors_info=&#8221;{}&#8221;][et_pb_text _builder_version=&#8221;4.27.4&#8243; _module_preset=&#8221;default&#8221; text_font=&#8221;|300|||||||&#8221; header_2_font=&#8221;Montserrat|600|||||||&#8221; header_2_text_color=&#8221;#aa1c17&#8243; header_2_font_size=&#8221;22px&#8221; global_colors_info=&#8221;{}&#8221;]<\/p>\n<p>In qualit\u00e0 di officina meccanica specializzata nel restauro di<span>\u00a0<\/span><strong>affettatrici storiche Berkel<\/strong>, Artigiani del Restauro mette in vendita i modelli storici pi\u00f9 belli: veri e propri pezzi da collezione ancora oggi perfettamente funzionanti.<\/p>\n<p>Che tu sia un collezionista, un interior designer, un ristoratore o un commerciante in questa sezione del nostro sito potrai visionare tutti i<span>\u00a0<\/span><strong>modelli berkel<\/strong><span>\u00a0<\/span>restaurati pronti per completare l\u2019arredo della tua abitazione, del tuo ristorante o negozio. Grazie ai pratici filtri potrai selezionare l\u2019anno di produzione, i modelli disponibili, le dimensioni, il diametro della lama e la tipologia di volano: a fiori o pieno. Accorgimenti essenziali che ti aiuteranno a trovare il modello di<span>\u00a0<\/span><strong>affettatrice a mano antica<\/strong><span>\u00a0<\/span>perfettamente funzionante che stavi cercando!<\/p>\n<h2 class=\"seotitle\">Affettatrice Van Berkel: cenni storici<\/h2>\n<p>La prima <strong>affettatrice manuale Berkel <\/strong>nacque nel 1898, dal genio di Wilhelmus Andrianus Van Berkel, macellaio olandese con la passione per la meccanica il cui sogno era inventare un dispositivo che potesse riprodurre meccanicamente il movimento della mano che affetta col coltello. Una macchina in grado di offrire ai clienti un prodotto di macelleria di altissima qualit\u00e0 contraddistinto da fette uniformi nelle dimensioni e nello spessore. Ad oltre 100 anni dal lancio della prima affettatrice, le<span>\u00a0<\/span><strong>Berkel volano<\/strong>, grazie ai colori brillanti e alle linee vintage, sono diventate un\u2019icona di design, apprezzate da professionisti, architetti e arredatori.<\/p>\n<h2 class=\"seotitle\">Affettatrici Berkel: tutti i modelli<\/h2>\n<p>Tutti i<span>\u00a0<\/span><strong>modelli affettatrici Berkel<\/strong>disponibili sul nostro sito sono modelli di antiquariato sapientemente e fedelmente restaurati, curati nei minimi particolari e ricostruiti con minuziosit\u00e0 e manualit\u00e0 artigianale. Tra i vari modelli disponibili troviamo la famosa modello B, comunemente conosciuta anche come modello Indiana o Indianina, proprio perch\u00e9 prodotta nei primi anni \u201820 nello stabilimento Berkel dell\u2019Indiana.<\/p>\n<p>[\/et_pb_text][\/et_pb_column][et_pb_column type=&#8221;1_2&#8243; _builder_version=&#8221;4.27.4&#8243; _module_preset=&#8221;default&#8221; global_colors_info=&#8221;{}&#8221;][et_pb_text _builder_version=&#8221;4.27.4&#8243; _module_preset=&#8221;default&#8221; text_font=&#8221;|300|||||||&#8221; header_2_font=&#8221;Montserrat|600|||||||&#8221; header_2_text_color=&#8221;#aa1c17&#8243; header_2_font_size=&#8221;22px&#8221; global_colors_info=&#8221;{}&#8221;]<\/p>\n<p>Si tratta di una <strong>Berkel a volano<\/strong><span>\u00a0<\/span>con decoro floreale dalle dimensioni contenute e dal design slanciato e ben proporzionato. \u00c8 uno dei modelli pi\u00f9 antichi prodotti dall\u2019azienda europea che per la particolarit\u00e0 delle decorazioni \u00e8 tra i modelli pi\u00f9 identificativi della rivoluzione industriale ed estetica dei primi del\u00a0 Novecento. Oltre al modello B, sul nostro sito potrai trovare anche le varianti B80 e\u00a0 B100: sono<strong> berkel modelli storici<\/strong><b>,<\/b>che si differenziano dal modello B per piccole variazioni ed elementi identificativi come la regolazione dello spessore della fetta.<\/p>\n<p>Oltre ai modelli con volano floreale, sul nostro sito trovi anche <strong>Berkel a volano<\/strong><span>\u00a0<\/span>pieno. Si tratta di affettatrici che per caratteristiche meccaniche e capacit\u00e0 di taglio sono tra i modelli pi\u00f9 ricercati. Tra queste impossibile non annoverare l\u2019affettatrice Berkel 115 che per le soluzioni tecniche di cui dispone si distacca in modo netto dagli altri modelli dell\u2019azienda ed \u00e8 considerata a livello mondiale la migliore affettatrice a volano mai costruita.<\/p>\n<p>Tutte le affettatrici storiche di questa sezione sono fornite senza piedistallo che potrai visionare nell\u2019apposita categoria basamenti e acquistare separatamente. Scrivici per avere maggiori informazioni sui prodotti e scoprire come aggiungere alla tua collezione una<span>\u00a0<\/span><strong>berkel con piedistallo<\/strong><span>\u00a0<\/span>dal design inconfondibile.<\/p>\n<p>[\/et_pb_text][\/et_pb_column][\/et_pb_row][\/et_pb_section]<\/p>\n","protected":false},"excerpt":{"rendered":"<p>In qualit\u00e0 di officina meccanica specializzata nel restauro di\u00a0affettatrici storiche Berkel, Artigiani del Restauro mette in vendita i modelli storici pi\u00f9 belli: veri e propri pezzi da collezione ancora oggi perfettamente funzionanti. Che tu sia un collezionista, un interior designer, un ristoratore o un commerciante in questa sezione del nostro sito potrai visionare tutti i\u00a0modelli [&hellip;]<\/p>\n","protected":false},"author":1,"featured_media":0,"parent":0,"menu_order":0,"comment_status":"closed","ping_status":"closed","template":"","meta":{"_et_pb_use_builder":"on","_et_pb_old_content":"","_et_gb_content_width":"","footnotes":""},"class_list":["post-17","page","type-page","status-publish","hentry"],"_links":{"self":[{"href":"https:\/\/artigianidelrestauro.softwareondemand.it\/it\/wp-json\/wp\/v2\/pages\/17","targetHints":{"allow":["GET"]}}],"collection":[{"href":"https:\/\/artigianidelrestauro.softwareondemand.it\/it\/wp-json\/wp\/v2\/pages"}],"about":[{"href":"https:\/\/artigianidelrestauro.softwareondemand.it\/it\/wp-json\/wp\/v2\/types\/page"}],"author":[{"embeddable":true,"href":"https:\/\/artigianidelrestauro.softwareondemand.it\/it\/wp-json\/wp\/v2\/users\/1"}],"replies":[{"embeddable":true,"href":"https:\/\/artigianidelrestauro.softwareondemand.it\/it\/wp-json\/wp\/v2\/comments?post=17"}],"version-history":[{"count":29,"href":"https:\/\/artigianidelrestauro.softwareondemand.it\/it\/wp-json\/wp\/v2\/pages\/17\/revisions"}],"predecessor-version":[{"id":236933,"href":"https:\/\/artigianidelrestauro.softwareondemand.it\/it\/wp-json\/wp\/v2\/pages\/17\/revisions\/236933"}],"wp:attachment":[{"href":"https:\/\/artigianidelrestauro.softwareondemand.it\/it\/wp-json\/wp\/v2\/media?parent=17"}],"curies":[{"name":"wp","href":"https:\/\/api.w.org\/{rel}","templated":true}]}}